{"id":606,"date":"2020-07-24T22:53:12","date_gmt":"2020-07-24T16:53:12","guid":{"rendered":"http:\/\/dominicanatourism.info\/?page_id=606"},"modified":"2024-02-15T23:09:21","modified_gmt":"2024-02-15T17:09:21","slug":"oteli","status":"publish","type":"page","link":"https:\/\/dominicanatourism.info\/?page_id=606","title":{"rendered":"\u041e\u0442\u0435\u043b\u0438"},"content":{"rendered":"\n<p><strong><em>\u041a\u0443\u0440\u043e\u0440\u0442\u043d\u044b\u0435 \u043a\u043e\u043c\u043f\u043b\u0435\u043a\u0441\u044b, \u043e\u0442\u0435\u043b\u0438, \u0430\u043f\u0430\u0440\u0442\u0430\u043c\u0435\u043d\u0442\u044b<\/em><\/strong><\/p>\n\n\n\n<p>\u0414\u043e\u043c\u0438\u043d\u0438\u043a\u0430\u043d\u0441\u043a\u0430\u044f \u0420\u0435\u0441\u043f\u0443\u0431\u043b\u0438\u043a\u0430 \u044f\u0432\u043b\u044f\u0435\u0442\u0441\u044f \u0438\u0437\u043b\u044e\u0431\u043b\u0435\u043d\u043d\u044b\u043c \u043c\u0435\u0441\u0442\u043e\u043c \u043e\u0442\u0434\u044b\u0445\u0430 \u043d\u0430 \u043f\u0440\u043e\u0442\u044f\u0436\u0435\u043d\u0438\u0438 \u0443\u0436\u0435 \u043c\u043d\u043e\u0433\u0438\u0445 \u043b\u0435\u0442. \u0421\u044e\u0434\u0430 \u043f\u0440\u0438\u0435\u0437\u0436\u0430\u044e\u0442 \u043e\u0442\u0434\u044b\u0445\u0430\u0442\u044c \u0437\u043d\u0430\u043c\u0435\u043d\u0438\u0442\u043e\u0441\u0442\u0438, \u0441\u043f\u043e\u0440\u0442\u0441\u043c\u0435\u043d\u044b \u0438 \u043f\u0443\u0442\u0435\u0448\u0435\u0441\u0442\u0432\u0435\u043d\u043d\u0438\u043a\u0438 \u0441\u043e \u0432\u0441\u0435\u0433\u043e \u043c\u0438\u0440\u0430. \u0412 \u043d\u0430\u0441\u0442\u043e\u044f\u0449\u0435\u0435 \u0432\u0440\u0435\u043c\u044f \u0440\u0435\u0441\u043f\u0443\u0431\u043b\u0438\u043a\u0430 \u0440\u0430\u0441\u043f\u043e\u043b\u0430\u0433\u0430\u0435\u0442 \u0441\u0430\u043c\u044b\u043c \u0431\u043e\u043b\u044c\u0448\u0438\u043c \u043a\u043e\u043b\u0438\u0447\u0435\u0441\u0442\u0432\u043e\u043c \u0433\u043e\u0441\u0442\u0438\u043d\u0438\u0447\u043d\u044b\u0445 \u043d\u043e\u043c\u0435\u0440\u043e\u0432 \u0432\u043e \u0432\u0441\u0435\u043c \u041a\u0430\u0440\u0438\u0431\u0441\u043a\u043e\u043c \u0431\u0430\u0441\u0441\u0435\u0439\u043d\u0435. \u0421\u043e\u0433\u043b\u0430\u0441\u043d\u043e \u0434\u0430\u043d\u043d\u044b\u043c \u0414\u043e\u043c\u0438\u043d\u0438\u043a\u0430\u043d\u0441\u043a\u043e\u0439 \u0430\u0441\u0441\u043e\u0446\u0438\u0430\u0446\u0438\u0438 \u043e\u0442\u0435\u043b\u0435\u0439 \u0438 \u0442\u0443\u0440\u0438\u0437\u043c\u0430 (Asonahores) \u0441\u0435\u0433\u043e\u0434\u043d\u044f \u044d\u0442\u0430 \u0446\u0438\u0444\u0440\u0430 \u043f\u0440\u0435\u0432\u044b\u0448\u0430\u0435\u0442 90 000 \u0432 \u2026 \u043e\u0442\u0435\u043b\u044f\u0445.<\/p>\n\n\n\n<p>\u041d\u0435\u0441\u043e\u043c\u043d\u0435\u043d\u043d\u043e, \u0431\u043e\u043b\u044c\u0448\u0438\u043d\u0441\u0442\u0432\u043e \u0442\u0443\u0440\u0438\u0441\u0442\u043e\u0432 \u0432\u044b\u0431\u0438\u0440\u0430\u044e\u0442 \u0414\u043e\u043c\u0438\u043d\u0438\u043a\u0430\u043d\u0441\u043a\u0443\u044e \u0420\u0435\u0441\u043f\u0443\u0431\u043b\u0438\u043a\u0443 \u043a\u0430\u043a \u043f\u043b\u044f\u0436\u043d\u043e\u0435 \u043d\u0430\u043f\u0440\u0430\u0432\u043b\u0435\u043d\u0438\u0435. \u0421\u0442\u0440\u0430\u043d\u0430 \u0438\u0437\u0432\u0435\u0441\u0442\u043d\u0430 \u0441\u0432\u043e\u0438\u043c\u0438 \u0431\u0435\u043b\u043e\u0441\u043d\u0435\u0436\u043d\u044b\u043c\u0438 \u043f\u043b\u044f\u0436\u0430\u043c\u0438, \u043a\u0440\u0443\u0433\u043b\u043e\u0433\u043e\u0434\u0438\u0447\u043d\u043e \u043c\u044f\u0433\u043a\u0438\u043c \u043a\u043b\u0438\u043c\u0430\u0442\u043e\u043c \u0438 \u043e\u0431\u0448\u0438\u0440\u043d\u044b\u043c \u0430\u0441\u0441\u043e\u0440\u0442\u0438\u043c\u0435\u043d\u0442\u043e\u043c \u043e\u0442\u0435\u043b\u0435\u0439 \u0444\u043e\u0440\u043c\u0430\u0442\u0430 \u00ab\u0432\u0441\u0435 \u0432\u043a\u043b\u044e\u0447\u0435\u043d\u043e\u00bb, \u043a\u043e\u0442\u043e\u0440\u044b\u0439 \u0443\u0434\u043e\u0431\u0435\u043d \u0438 \u043f\u0440\u0435\u0434\u043f\u043e\u0447\u0442\u0438\u0442\u0435\u043b\u0435\u043d \u043c\u043d\u043e\u0433\u0438\u043c\u0438 \u0433\u043e\u0441\u0442\u044f\u043c. \u041e\u0434\u043d\u0430\u043a\u043e \u0435\u0441\u0442\u044c \u043a\u0430\u0442\u0435\u0433\u043e\u0440\u0438\u044f \u0442\u0443\u0440\u0438\u0441\u0442\u043e\u0432, \u043a\u043e\u0442\u043e\u0440\u044b\u0435 \u043f\u0440\u0435\u0434\u043f\u043e\u0447\u0438\u0442\u0430\u044e\u0442 \u0431\u043e\u043b\u0435\u0435 \u043f\u0440\u0438\u0432\u0430\u0442\u043d\u044b\u0439 \u0438 \u0440\u0430\u0441\u0441\u043b\u0430\u0431\u043b\u0435\u043d\u043d\u044b\u0439 \u043e\u0442\u0434\u044b\u0445.<\/p>\n\n\n\n<p>\u041e\u0441\u043e\u0437\u043d\u0430\u0432\u0430\u044f \u0440\u0430\u0437\u043d\u043e\u0440\u043e\u0434\u043d\u043e\u0441\u0442\u044c \u0441\u043f\u0440\u043e\u0441\u0430, \u0438\u043d\u0434\u0443\u0441\u0442\u0440\u0438\u044f \u0442\u0443\u0440\u0438\u0437\u043c\u0430 \u043f\u043e\u0441\u0442\u043e\u044f\u043d\u043d\u043e \u0440\u0430\u0431\u043e\u0442\u0430\u0435\u0442 \u043d\u0430\u0434 \u0434\u0438\u0432\u0435\u0440\u0441\u0438\u0444\u0438\u043a\u0430\u0446\u0438\u0435\u0439 \u0441\u0432\u043e\u0438\u0445 \u043f\u0440\u0435\u0434\u043b\u043e\u0436\u0435\u043d\u0438\u0439. \u041f\u043e\u044d\u0442\u043e\u043c\u0443 \u0441\u0435\u0433\u043e\u0434\u043d\u044f \u043c\u043e\u0436\u043d\u043e \u043d\u0430\u0439\u0442\u0438 \u043e\u0442\u0435\u043b\u044c \u043f\u043e\u0434 \u043b\u044e\u0431\u043e\u0439 \u0437\u0430\u043f\u0440\u043e\u0441 \u0442\u0443\u0440\u0438\u0441\u0442\u0430, \u0431\u0443\u0434\u044c \u0442\u043e \u043e\u0442\u0435\u043b\u044c \u0442\u043e\u043b\u044c\u043a\u043e \u0434\u043b\u044f \u0432\u0437\u0440\u043e\u0441\u043b\u044b\u0445, \u0434\u043b\u044f \u0446\u0435\u043d\u0438\u0442\u0435\u043b\u0435\u0439 \u0440\u043e\u0441\u043a\u043e\u0448\u0438 \u0438\u043b\u0438 \u0432\u043b\u044e\u0431\u043b\u0435\u043d\u043d\u044b\u0445, \u043c\u0435\u0447\u0442\u0430\u044e\u0449\u0438\u0445 \u043e \u0441\u043a\u0430\u0437\u043e\u0447\u043d\u043e\u0439 \u0441\u0432\u0430\u0434\u044c\u0431\u0435.<\/p>\n\n\n\n<p>\u041d\u0430 \u0442\u0435\u0440\u0440\u0438\u0442\u043e\u0440\u0438\u0438 \u0441\u0442\u0440\u0430\u043d\u044b \u0440\u0430\u0441\u043f\u043e\u043b\u043e\u0436\u0435\u043d\u044b \u043e\u0442\u0435\u043b\u0438 \u0442\u0430\u043a\u0438\u0445 \u043c\u0435\u0436\u0434\u0443\u043d\u0430\u0440\u043e\u0434\u043d\u044b\u0445 \u0441\u0435\u0442\u0435\u0439 \u043a\u0430\u043a Accor, AM Resorts, Barcel\u00f3, BeLive, Blau Hotels, Crowne Plaza, Embassy Suites, Bah\u00eda Pr\u00edncipe, Hard Rock Hotels, Hilton, Holiday Inn, Hotetur, Iberostar, Hyatt Hotels, Ritz-Carlton, IFA Hotels, JW Marriott, Majestic Resorts, NH, Occidental, Palladium, Princess, Quality, Renaissance, Riu, Sheraton, Solaya Hotels, Meli\u00e1, Vista Sol, Westin \u0438 Viva Wyndham.<\/p>\n\n\n\n<p class=\"has-text-align-center\"><strong>\u041f\u043e\u0434\u043e\u0431\u0440\u0430\u0442\u044c \u043e\u0442\u0435\u043b<\/strong>\u044c<\/p>\n\n\n\n<script charset=\"utf-8\" src=\"\/\/www.travelpayouts.com\/widgets\/6c7d97866b467db84beed169b1e22269.js?v=2044\" async=\"\"><\/script>\n\n\n\n<div id=\"ccchildpages-1\" class=\"ccchildpages threecol simple ccclearfix\"><div class=\"ccchildpage  ccfirst ccodd ccpage-count-1 ccpage-id-611 ccpage-oteli-punta-kany ccpage-has-parent ccpage-pid-606 ccpage-parent-oteli\"><h3 class=\"ccpage_linked_title\"><a class=\"ccpage_title_link\" href=\"https:\/\/dominicanatourism.info\/?page_id=611\" title=\"\u041e\u0442\u0435\u043b\u0438 \u0432 \u0421\u0430\u043d\u0442\u043e-\u0414\u043e\u043c\u0438\u043d\u0433\u043e\">\u041e\u0442\u0435\u043b\u0438 \u0432 \u0421\u0430\u043d\u0442\u043e-\u0414\u043e\u043c\u0438\u043d\u0433\u043e<\/a><\/h3><img loading=\"lazy\" decoding=\"async\" width=\"300\" height=\"206\" src=\"https:\/\/dominicanatourism.info\/wp-content\/uploads\/2020\/07\/Santo-Domingo-320x220-1.jpg\" class=\"cc-child-pages-thumb wp-post-image\" alt=\"\u041e\u0442\u0435\u043b\u0438 \u0432 \u0421\u0430\u043d\u0442\u043e-\u0414\u043e\u043c\u0438\u043d\u0433\u043e\" title=\"\u041e\u0442\u0435\u043b\u0438 \u0432 \u0421\u0430\u043d\u0442\u043e-\u0414\u043e\u043c\u0438\u043d\u0433\u043e\" \/><div class=\"ccpages_excerpt\">\u041d\u0430 \u043f\u0440\u043e\u0442\u044f\u0436\u0435\u043d\u0438\u0438 \u0432\u043e\u0442 \u0443\u0436\u0435 \u043f\u044f\u0442\u0438 \u0441\u0442\u043e\u043b\u0435\u0442\u0438\u0439 \u0433\u043e\u0440\u043e\u0434 \u0421\u0430\u043d\u0442\u043e-\u0414\u043e\u043c\u0438\u043d\u0433\u043e \u044f\u0432\u043b\u044f\u0435\u0442\u0441\u044f \u0441\u0442\u043e\u043b\u0438\u0446\u0435\u0439 \u0414\u043e\u043c\u0438\u043d\u0438\u043a\u0430\u043d\u0441\u043a\u043e\u0439 \u0420\u0435\u0441\u043f\u0443\u0431\u043b\u0438\u043a\u0438, \u0441\u0435\u0440\u0434\u0446\u0435\u043c \u0438 \u0446\u0435\u043d\u0442\u0440\u043e\u043c \u0436\u0438\u0437\u043d\u0438 \u0441\u0442\u0440\u0430\u043d\u044b.<\/div><p class=\"ccpages_more\"><a href=\"https:\/\/dominicanatourism.info\/?page_id=611\"  title=\"\u041f\u043e\u0434\u0440\u043e\u0431\u043d\u0435\u0435\u2026\">\u041f\u043e\u0434\u0440\u043e\u0431\u043d\u0435\u0435\u2026<\/a><\/p><\/div><div class=\"ccchildpage  cceven ccpage-count-2 ccpage-id-613 ccpage-oteli-v-santo-domingo ccpage-has-parent ccpage-pid-606 ccpage-parent-oteli\"><h3 class=\"ccpage_linked_title\"><a class=\"ccpage_title_link\" href=\"https:\/\/dominicanatourism.info\/?page_id=613\" title=\"\u041e\u0442\u0435\u043b\u0438 \u0432 \u041f\u0443\u043d\u0442\u0430-\u041a\u0430\u043d\u0435\">\u041e\u0442\u0435\u043b\u0438 \u0432 \u041f\u0443\u043d\u0442\u0430-\u041a\u0430\u043d\u0435<\/a><\/h3><img loading=\"lazy\" decoding=\"async\" width=\"300\" height=\"206\" src=\"https:\/\/dominicanatourism.info\/wp-content\/uploads\/2020\/07\/Punta-Cana-320x220-1.jpg\" class=\"cc-child-pages-thumb wp-post-image\" alt=\"\u041e\u0442\u0435\u043b\u0438 \u0432 \u041f\u0443\u043d\u0442\u0430-\u041a\u0430\u043d\u0435\" title=\"\u041e\u0442\u0435\u043b\u0438 \u0432 \u041f\u0443\u043d\u0442\u0430-\u041a\u0430\u043d\u0435\" \/><div class=\"ccpages_excerpt\">50 \u043a\u0438\u043b\u043e\u043c\u0435\u0442\u0440\u043e\u0432 \u043b\u0443\u0447\u0448\u0438\u0445 \u0432 \u043c\u0438\u0440\u0435 \u043f\u043b\u044f\u0436\u0435\u0439, \u043e\u043c\u044b\u0432\u0430\u0435\u043c\u044b\u0445 \u0431\u0438\u0440\u044e\u0437\u043e\u0432\u044b\u043c\u0438 \u0432\u043e\u0434\u0430\u043c\u0438 \u0438 \u0443\u0441\u0435\u044f\u043d\u043d\u044b\u043c\u0438 \u043a\u0430\u0447\u0430\u044e\u0449\u0438\u043c\u0438\u0441\u044f \u043d\u0430 \u0432\u0435\u0442\u0440\u0443 \u043f\u0430\u043b\u044c\u043c\u0430\u043c\u0438 \u2013 \u044d\u0442\u043e \u0438 \u0435\u0441\u0442\u044c \u041f\u0443\u043d\u0442\u0430-\u041a\u0430\u043d\u0430, \u0438\u043b\u0438 \u00ab\u041a\u043e\u043a\u043e\u0441\u043e\u0432\u044b\u0439 \u041e\u0441\u0442\u0440\u043e\u0432\u00bb.<\/div><p class=\"ccpages_more\"><a href=\"https:\/\/dominicanatourism.info\/?page_id=613\"  title=\"\u041f\u043e\u0434\u0440\u043e\u0431\u043d\u0435\u0435\u2026\">\u041f\u043e\u0434\u0440\u043e\u0431\u043d\u0435\u0435\u2026<\/a><\/p><\/div><div class=\"ccchildpage  cclast ccodd ccpage-count-3 ccpage-id-616 ccpage-oteli-v-la-romane ccpage-has-parent ccpage-pid-606 ccpage-parent-oteli\"><h3 class=\"ccpage_linked_title\"><a class=\"ccpage_title_link\" href=\"https:\/\/dominicanatourism.info\/?page_id=616\" title=\"\u041e\u0442\u0435\u043b\u0438 \u0432 \u041b\u0430-\u0420\u043e\u043c\u0430\u043d\u0435\">\u041e\u0442\u0435\u043b\u0438 \u0432 \u041b\u0430-\u0420\u043e\u043c\u0430\u043d\u0435<\/a><\/h3><img loading=\"lazy\" decoding=\"async\" width=\"300\" height=\"206\" src=\"https:\/\/dominicanatourism.info\/wp-content\/uploads\/2020\/07\/La-Romana-320x220-1.jpg\" class=\"cc-child-pages-thumb wp-post-image\" alt=\"\u041e\u0442\u0435\u043b\u0438 \u0432 \u041b\u0430-\u0420\u043e\u043c\u0430\u043d\u0435\" title=\"\u041e\u0442\u0435\u043b\u0438 \u0432 \u041b\u0430-\u0420\u043e\u043c\u0430\u043d\u0435\" \/><div class=\"ccpages_excerpt\">\u041f\u043e \u043c\u043d\u0435\u043d\u0438\u044e \u042e\u041d\u0415\u0421\u041a\u041e \u0437\u0434\u0435\u0441\u044c \u0440\u0430\u0441\u043f\u043e\u043b\u043e\u0436\u0435\u043d\u044b \u043e\u0434\u043d\u0438 \u0438\u0437 \u0447\u0443\u0434\u0435\u0441\u043d\u0435\u0439\u0448\u0438\u0445 \u043f\u043b\u044f\u0436\u0435\u0439 \u043c\u0438\u0440\u0430 \u0438 \u0438\u043c\u0435\u043d\u043d\u043e \u043f\u043e\u044d\u0442\u043e\u043c\u0443 \u0441\u044e\u0434\u0430 \u0441\u043b\u0435\u0434\u0443\u0435\u0442 \u043e\u0442\u043f\u0440\u0430\u0432\u0438\u0442\u044c\u0441\u044f \u0437\u0430 \u0442\u0443\u0440\u0438\u0437\u043c\u043e\u043c \u043a\u043b\u0430\u0441\u0441\u0430 \u00ab\u043b\u044e\u043a\u0441\u00bb.<\/div><p class=\"ccpages_more\"><a href=\"https:\/\/dominicanatourism.info\/?page_id=616\"  title=\"\u041f\u043e\u0434\u0440\u043e\u0431\u043d\u0435\u0435\u2026\">\u041f\u043e\u0434\u0440\u043e\u0431\u043d\u0435\u0435\u2026<\/a><\/p><\/div><div class=\"ccchildpage  ccfirst cceven ccpage-count-4 ccpage-id-619 ccpage-oteli-v-samane ccpage-has-parent ccpage-pid-606 ccpage-parent-oteli\"><h3 class=\"ccpage_linked_title\"><a class=\"ccpage_title_link\" href=\"https:\/\/dominicanatourism.info\/?page_id=619\" title=\"\u041e\u0442\u0435\u043b\u0438 \u0432 \u0421\u0430\u043c\u0430\u043d\u0435\">\u041e\u0442\u0435\u043b\u0438 \u0432 \u0421\u0430\u043c\u0430\u043d\u0435<\/a><\/h3><img loading=\"lazy\" decoding=\"async\" width=\"300\" height=\"206\" src=\"https:\/\/dominicanatourism.info\/wp-content\/uploads\/2020\/07\/Samana-320x220-1.jpg\" class=\"cc-child-pages-thumb wp-post-image\" alt=\"\u041e\u0442\u0435\u043b\u0438 \u0432 \u0421\u0430\u043c\u0430\u043d\u0435\" title=\"\u041e\u0442\u0435\u043b\u0438 \u0432 \u0421\u0430\u043c\u0430\u043d\u0435\" \/><div class=\"ccpages_excerpt\">\u041d\u0430 \u0441\u0435\u0432\u0435\u0440\u043e-\u0432\u043e\u0441\u0442\u043e\u0447\u043d\u043e\u043c \u043f\u043e\u0431\u0435\u0440\u0435\u0436\u044c\u0435 \u043c\u043e\u0436\u043d\u043e \u043d\u0430\u0439\u0442\u0438 \u0441\u0430\u043c\u044b\u0435 \u0440\u0430\u0437\u043b\u0438\u0447\u043d\u044b\u0435 \u043e\u0442\u0435\u043b\u0438: \u043e\u0442 \u043e\u0433\u0440\u043e\u043c\u043d\u044b\u0445 \u043a\u0443\u0440\u043e\u0440\u0442\u043e\u0432 \u043f\u0440\u0435\u043c\u0438\u0443\u043c \u043a\u043b\u0430\u0441\u0441\u0430 \u0434\u043e \u043c\u0430\u043b\u0435\u043d\u044c\u043a\u0438\u0445 \u043e\u0442\u0435\u043b\u0435\u0439 \u0441 \u0432\u0435\u0441\u044c\u043c\u0430 \u0434\u0435\u043c\u043e\u043a\u0440\u0430\u0442\u0438\u0447\u043d\u044b\u043c\u0438 \u0446\u0435\u043d\u0430\u043c\u0438.<\/div><p class=\"ccpages_more\"><a href=\"https:\/\/dominicanatourism.info\/?page_id=619\"  title=\"\u041f\u043e\u0434\u0440\u043e\u0431\u043d\u0435\u0435\u2026\">\u041f\u043e\u0434\u0440\u043e\u0431\u043d\u0435\u0435\u2026<\/a><\/p><\/div><div class=\"ccchildpage  ccodd ccpage-count-5 ccpage-id-622 ccpage-oteli-v-pujerto-plate ccpage-has-parent ccpage-pid-606 ccpage-parent-oteli\"><h3 class=\"ccpage_linked_title\"><a class=\"ccpage_title_link\" href=\"https:\/\/dominicanatourism.info\/?page_id=622\" title=\"\u041e\u0442\u0435\u043b\u0438 \u0432 \u041f\u0443\u044d\u0440\u0442\u043e-\u041f\u043b\u0430\u0442\u0435\">\u041e\u0442\u0435\u043b\u0438 \u0432 \u041f\u0443\u044d\u0440\u0442\u043e-\u041f\u043b\u0430\u0442\u0435<\/a><\/h3><img loading=\"lazy\" decoding=\"async\" width=\"300\" height=\"206\" src=\"https:\/\/dominicanatourism.info\/wp-content\/uploads\/2020\/07\/Puerto-Plata-320x220-1.jpg\" class=\"cc-child-pages-thumb wp-post-image\" alt=\"\u041e\u0442\u0435\u043b\u0438 \u0432 \u041f\u0443\u044d\u0440\u0442\u043e-\u041f\u043b\u0430\u0442\u0435\" title=\"\u041e\u0442\u0435\u043b\u0438 \u0432 \u041f\u0443\u044d\u0440\u0442\u043e-\u041f\u043b\u0430\u0442\u0435\" \/><div class=\"ccpages_excerpt\">\u0427\u0438\u0441\u0442\u0435\u0439\u0448\u0438\u0435 \u043f\u043b\u044f\u0436\u0438 \u0410\u0442\u043b\u0430\u043d\u0442\u0438\u0447\u0435\u0441\u043a\u043e\u0433\u043e \u041e\u043a\u0435\u0430\u043d\u0430, \u043c\u0435\u0441\u0442\u0430 \u0431\u043e\u0433\u0430\u0442\u044b\u0435 \u0438\u0441\u0442\u043e\u0440\u0438\u0435\u0439 \u0438 \u0441\u043e\u043a\u0440\u043e\u0432\u0438\u0449\u0430\u043c\u0438 \u0441\u0435\u0432\u0435\u0440\u043d\u043e\u0433\u043e \u043f\u043e\u0431\u0435\u0440\u0435\u0436\u044c\u044f, \u043f\u0440\u0438\u0432\u043b\u0435\u043a\u0430\u044e\u0442 \u043b\u044e\u0431\u0438\u0442\u0435\u043b\u0435\u0439 \u0441\u043e\u043b\u043d\u0446\u0430, \u043f\u0435\u0441\u043a\u0430, \u0432\u043e\u043b\u043d \u0438 \u0430\u043a\u0442\u0438\u0432\u043d\u043e\u0433\u043e \u043e\u0442\u0434\u044b\u0445\u0430.<\/div><p class=\"ccpages_more\"><a href=\"https:\/\/dominicanatourism.info\/?page_id=622\"  title=\"\u041f\u043e\u0434\u0440\u043e\u0431\u043d\u0435\u0435\u2026\">\u041f\u043e\u0434\u0440\u043e\u0431\u043d\u0435\u0435\u2026<\/a><\/p><\/div><div class=\"ccchildpage  cclast cceven ccpage-count-6 ccpage-id-626 ccpage-luxury-oteli ccpage-has-parent ccpage-pid-606 ccpage-parent-oteli\"><h3 class=\"ccpage_linked_title\"><a class=\"ccpage_title_link\" href=\"https:\/\/dominicanatourism.info\/?page_id=626\" title=\"Luxury &#038; Boutique \u043e\u0442\u0435\u043b\u0438\">Luxury &#038; Boutique \u043e\u0442\u0435\u043b\u0438<\/a><\/h3><img loading=\"lazy\" decoding=\"async\" width=\"300\" height=\"206\" src=\"https:\/\/dominicanatourism.info\/wp-content\/uploads\/2020\/07\/Luxury-320x220-1.jpg\" class=\"cc-child-pages-thumb wp-post-image\" alt=\"Luxury &#038; Boutique \u043e\u0442\u0435\u043b\u0438\" title=\"Luxury &#038; Boutique \u043e\u0442\u0435\u043b\u0438\" \/><div class=\"ccpages_excerpt\">\u0421\u0440\u0435\u0434\u0438 \u043c\u043d\u043e\u0436\u0435\u0441\u0442\u0432\u0430 \u043e\u0442\u0435\u043b\u0435\u0439 \u0432 \u0414\u043e\u043c\u0438\u043d\u0438\u043a\u0430\u043d\u0435 \u0435\u0441\u0442\u044c \u0442\u0435, \u043a\u043e\u0442\u043e\u0440\u044b\u0435 \u043f\u0440\u0438\u043d\u044f\u0442\u043e \u043d\u0430\u0437\u044b\u0432\u0430\u0442\u044c \u044d\u043a\u0441\u043a\u043b\u044e\u0437\u0438\u0432\u043d\u044b\u043c\u0438. \u041e\u043d\u0438 \u043e\u0442\u0432\u0435\u0447\u0430\u044e\u0442 \u0437\u0430\u043f\u0440\u043e\u0441\u0430\u043c \u0441\u0430\u043c\u044b\u0445 \u0432\u0437\u044b\u0441\u043a\u0430\u0442\u0435\u043b\u044c\u043d\u044b\u0445 \u0433\u043e\u0441\u0442\u0435\u0439.<\/div><p class=\"ccpages_more\"><a href=\"https:\/\/dominicanatourism.info\/?page_id=626\"  title=\"\u041f\u043e\u0434\u0440\u043e\u0431\u043d\u0435\u0435\u2026\">\u041f\u043e\u0434\u0440\u043e\u0431\u043d\u0435\u0435\u2026<\/a><\/p><\/div><div id=\"ccpages_nav-1\" class=\"ccpages_nav\"><\/div><\/div>\n","protected":false},"excerpt":{"rendered":"<p>\u041a\u0443\u0440\u043e\u0440\u0442\u043d\u044b\u0435 \u043a\u043e\u043c\u043f\u043b\u0435\u043a\u0441\u044b, \u043e\u0442\u0435\u043b\u0438, \u0430\u043f\u0430\u0440\u0442\u0430\u043c\u0435\u043d\u0442\u044b \u0414\u043e\u043c\u0438\u043d\u0438\u043a\u0430\u043d\u0441\u043a\u0430\u044f \u0420\u0435\u0441\u043f\u0443\u0431\u043b\u0438\u043a\u0430 \u044f\u0432\u043b\u044f\u0435\u0442\u0441\u044f \u0438\u0437\u043b\u044e\u0431\u043b\u0435\u043d\u043d\u044b\u043c \u043c\u0435\u0441\u0442\u043e\u043c \u043e\u0442\u0434\u044b\u0445\u0430 \u043d\u0430 \u043f\u0440\u043e\u0442\u044f\u0436\u0435\u043d\u0438\u0438 \u0443\u0436\u0435 \u043c\u043d\u043e\u0433\u0438\u0445 \u043b\u0435\u0442. \u0421\u044e\u0434\u0430 \u043f\u0440\u0438\u0435\u0437\u0436\u0430\u044e\u0442 \u043e\u0442\u0434\u044b\u0445\u0430\u0442\u044c \u0437\u043d\u0430\u043c\u0435\u043d\u0438\u0442\u043e\u0441\u0442\u0438, \u0441\u043f\u043e\u0440\u0442\u0441\u043c\u0435\u043d\u044b<\/p>\n","protected":false},"author":1,"featured_media":0,"parent":190,"menu_order":19,"comment_status":"closed","ping_status":"closed","template":"","meta":{"ngg_post_thumbnail":0,"footnotes":""},"aioseo_notices":[],"_links":{"self":[{"href":"https:\/\/dominicanatourism.info\/index.php?rest_route=\/wp\/v2\/pages\/606"}],"collection":[{"href":"https:\/\/dominicanatourism.info\/index.php?rest_route=\/wp\/v2\/pages"}],"about":[{"href":"https:\/\/dominicanatourism.info\/index.php?rest_route=\/wp\/v2\/types\/page"}],"author":[{"embeddable":true,"href":"https:\/\/dominicanatourism.info\/index.php?rest_route=\/wp\/v2\/users\/1"}],"replies":[{"embeddable":true,"href":"https:\/\/dominicanatourism.info\/index.php?rest_route=%2Fwp%2Fv2%2Fcomments&post=606"}],"version-history":[{"count":10,"href":"https:\/\/dominicanatourism.info\/index.php?rest_route=\/wp\/v2\/pages\/606\/revisions"}],"predecessor-version":[{"id":2465,"href":"https:\/\/dominicanatourism.info\/index.php?rest_route=\/wp\/v2\/pages\/606\/revisions\/2465"}],"up":[{"embeddable":true,"href":"https:\/\/dominicanatourism.info\/index.php?rest_route=\/wp\/v2\/pages\/190"}],"wp:attachment":[{"href":"https:\/\/dominicanatourism.info\/index.php?rest_route=%2Fwp%2Fv2%2Fmedia&parent=606"}],"curies":[{"name":"wp","href":"https:\/\/api.w.org\/{rel}","templated":true}]}}