{"id":2229,"date":"2020-07-24T22:53:12","date_gmt":"2020-07-24T16:53:12","guid":{"rendered":"http:\/\/dominicanatourism.info\/?page_id=2229"},"modified":"2020-07-30T14:30:41","modified_gmt":"2020-07-30T08:30:41","slug":"accommodations","status":"publish","type":"page","link":"https:\/\/dominicanatourism.info\/?page_id=2229&lang=en","title":{"rendered":"Accommodations"},"content":{"rendered":"\n<p><strong><em>\u041a\u0443\u0440\u043e\u0440\u0442\u043d\u044b\u0435 \u043a\u043e\u043c\u043f\u043b\u0435\u043a\u0441\u044b, \u043e\u0442\u0435\u043b\u0438, \u0430\u043f\u0430\u0440\u0442\u0430\u043c\u0435\u043d\u0442\u044b<\/em><\/strong><\/p>\n\n\n\n<p>\u0414\u043e\u043c\u0438\u043d\u0438\u043a\u0430\u043d\u0441\u043a\u0430\u044f \u0420\u0435\u0441\u043f\u0443\u0431\u043b\u0438\u043a\u0430 \u044f\u0432\u043b\u044f\u0435\u0442\u0441\u044f \u0438\u0437\u043b\u044e\u0431\u043b\u0435\u043d\u043d\u044b\u043c \u043c\u0435\u0441\u0442\u043e\u043c \u043e\u0442\u0434\u044b\u0445\u0430 \u043d\u0430 \u043f\u0440\u043e\u0442\u044f\u0436\u0435\u043d\u0438\u0438 \u0443\u0436\u0435 \u043c\u043d\u043e\u0433\u0438\u0445 \u043b\u0435\u0442. \u0421\u044e\u0434\u0430 \u043f\u0440\u0438\u0435\u0437\u0436\u0430\u044e\u0442 \u043e\u0442\u0434\u044b\u0445\u0430\u0442\u044c \u0437\u043d\u0430\u043c\u0435\u043d\u0438\u0442\u043e\u0441\u0442\u0438, \u0441\u043f\u043e\u0440\u0442\u0441\u043c\u0435\u043d\u044b \u0438 \u043f\u0443\u0442\u0435\u0448\u0435\u0441\u0442\u0432\u0435\u043d\u043d\u0438\u043a\u0438 \u0441\u043e \u0432\u0441\u0435\u0433\u043e \u043c\u0438\u0440\u0430. \u0412 \u043d\u0430\u0441\u0442\u043e\u044f\u0449\u0435\u0435 \u0432\u0440\u0435\u043c\u044f \u0440\u0435\u0441\u043f\u0443\u0431\u043b\u0438\u043a\u0430 \u0440\u0430\u0441\u043f\u043e\u043b\u0430\u0433\u0430\u0435\u0442 \u0441\u0430\u043c\u044b\u043c \u0431\u043e\u043b\u044c\u0448\u0438\u043c \u043a\u043e\u043b\u0438\u0447\u0435\u0441\u0442\u0432\u043e\u043c \u0433\u043e\u0441\u0442\u0438\u043d\u0438\u0447\u043d\u044b\u0445 \u043d\u043e\u043c\u0435\u0440\u043e\u0432 \u0432\u043e \u0432\u0441\u0435\u043c \u041a\u0430\u0440\u0438\u0431\u0441\u043a\u043e\u043c \u0431\u0430\u0441\u0441\u0435\u0439\u043d\u0435. \u0421\u043e\u0433\u043b\u0430\u0441\u043d\u043e \u0434\u0430\u043d\u043d\u044b\u043c \u0414\u043e\u043c\u0438\u043d\u0438\u043a\u0430\u043d\u0441\u043a\u043e\u0439 \u0430\u0441\u0441\u043e\u0446\u0438\u0430\u0446\u0438\u0438 \u043e\u0442\u0435\u043b\u0435\u0439 \u0438 \u0442\u0443\u0440\u0438\u0437\u043c\u0430 (Asonahores) \u0441\u0435\u0433\u043e\u0434\u043d\u044f \u044d\u0442\u0430 \u0446\u0438\u0444\u0440\u0430 \u043f\u0440\u0435\u0432\u044b\u0448\u0430\u0435\u0442 90 000 \u0432 \u2026 \u043e\u0442\u0435\u043b\u044f\u0445.<\/p>\n\n\n\n<p>\u041d\u0435\u0441\u043e\u043c\u043d\u0435\u043d\u043d\u043e, \u0431\u043e\u043b\u044c\u0448\u0438\u043d\u0441\u0442\u0432\u043e \u0442\u0443\u0440\u0438\u0441\u0442\u043e\u0432 \u0432\u044b\u0431\u0438\u0440\u0430\u044e\u0442 \u0414\u043e\u043c\u0438\u043d\u0438\u043a\u0430\u043d\u0441\u043a\u0443\u044e \u0420\u0435\u0441\u043f\u0443\u0431\u043b\u0438\u043a\u0443 \u043a\u0430\u043a \u043f\u043b\u044f\u0436\u043d\u043e\u0435 \u043d\u0430\u043f\u0440\u0430\u0432\u043b\u0435\u043d\u0438\u0435. \u0421\u0442\u0440\u0430\u043d\u0430 \u0438\u0437\u0432\u0435\u0441\u0442\u043d\u0430 \u0441\u0432\u043e\u0438\u043c\u0438 \u0431\u0435\u043b\u043e\u0441\u043d\u0435\u0436\u043d\u044b\u043c\u0438 \u043f\u043b\u044f\u0436\u0430\u043c\u0438, \u043a\u0440\u0443\u0433\u043b\u043e\u0433\u043e\u0434\u0438\u0447\u043d\u043e \u043c\u044f\u0433\u043a\u0438\u043c \u043a\u043b\u0438\u043c\u0430\u0442\u043e\u043c \u0438 \u043e\u0431\u0448\u0438\u0440\u043d\u044b\u043c \u0430\u0441\u0441\u043e\u0440\u0442\u0438\u043c\u0435\u043d\u0442\u043e\u043c \u043e\u0442\u0435\u043b\u0435\u0439 \u0444\u043e\u0440\u043c\u0430\u0442\u0430 \u00ab\u0432\u0441\u0435 \u0432\u043a\u043b\u044e\u0447\u0435\u043d\u043e\u00bb, \u043a\u043e\u0442\u043e\u0440\u044b\u0439 \u0443\u0434\u043e\u0431\u0435\u043d \u0438 \u043f\u0440\u0435\u0434\u043f\u043e\u0447\u0442\u0438\u0442\u0435\u043b\u0435\u043d \u043c\u043d\u043e\u0433\u0438\u043c\u0438 \u0433\u043e\u0441\u0442\u044f\u043c. \u041e\u0434\u043d\u0430\u043a\u043e \u0435\u0441\u0442\u044c \u043a\u0430\u0442\u0435\u0433\u043e\u0440\u0438\u044f \u0442\u0443\u0440\u0438\u0441\u0442\u043e\u0432, \u043a\u043e\u0442\u043e\u0440\u044b\u0435 \u043f\u0440\u0435\u0434\u043f\u043e\u0447\u0438\u0442\u0430\u044e\u0442 \u0431\u043e\u043b\u0435\u0435 \u043f\u0440\u0438\u0432\u0430\u0442\u043d\u044b\u0439 \u0438 \u0440\u0430\u0441\u0441\u043b\u0430\u0431\u043b\u0435\u043d\u043d\u044b\u0439 \u043e\u0442\u0434\u044b\u0445.<\/p>\n\n\n\n<p>\u041e\u0441\u043e\u0437\u043d\u0430\u0432\u0430\u044f \u0440\u0430\u0437\u043d\u043e\u0440\u043e\u0434\u043d\u043e\u0441\u0442\u044c \u0441\u043f\u0440\u043e\u0441\u0430, \u0438\u043d\u0434\u0443\u0441\u0442\u0440\u0438\u044f \u0442\u0443\u0440\u0438\u0437\u043c\u0430 \u043f\u043e\u0441\u0442\u043e\u044f\u043d\u043d\u043e \u0440\u0430\u0431\u043e\u0442\u0430\u0435\u0442 \u043d\u0430\u0434 \u0434\u0438\u0432\u0435\u0440\u0441\u0438\u0444\u0438\u043a\u0430\u0446\u0438\u0435\u0439 \u0441\u0432\u043e\u0438\u0445 \u043f\u0440\u0435\u0434\u043b\u043e\u0436\u0435\u043d\u0438\u0439. \u041f\u043e\u044d\u0442\u043e\u043c\u0443 \u0441\u0435\u0433\u043e\u0434\u043d\u044f \u043c\u043e\u0436\u043d\u043e \u043d\u0430\u0439\u0442\u0438 \u043e\u0442\u0435\u043b\u044c \u043f\u043e\u0434 \u043b\u044e\u0431\u043e\u0439 \u0437\u0430\u043f\u0440\u043e\u0441 \u0442\u0443\u0440\u0438\u0441\u0442\u0430, \u0431\u0443\u0434\u044c \u0442\u043e \u043e\u0442\u0435\u043b\u044c \u0442\u043e\u043b\u044c\u043a\u043e \u0434\u043b\u044f \u0432\u0437\u0440\u043e\u0441\u043b\u044b\u0445, \u0434\u043b\u044f \u0446\u0435\u043d\u0438\u0442\u0435\u043b\u0435\u0439 \u0440\u043e\u0441\u043a\u043e\u0448\u0438 \u0438\u043b\u0438 \u0432\u043b\u044e\u0431\u043b\u0435\u043d\u043d\u044b\u0445, \u043c\u0435\u0447\u0442\u0430\u044e\u0449\u0438\u0445 \u043e \u0441\u043a\u0430\u0437\u043e\u0447\u043d\u043e\u0439 \u0441\u0432\u0430\u0434\u044c\u0431\u0435.<\/p>\n\n\n\n<p>\u041d\u0430 \u0442\u0435\u0440\u0440\u0438\u0442\u043e\u0440\u0438\u0438 \u0441\u0442\u0440\u0430\u043d\u044b \u0440\u0430\u0441\u043f\u043e\u043b\u043e\u0436\u0435\u043d\u044b \u043e\u0442\u0435\u043b\u0438 \u0442\u0430\u043a\u0438\u0445 \u043c\u0435\u0436\u0434\u0443\u043d\u0430\u0440\u043e\u0434\u043d\u044b\u0445 \u0441\u0435\u0442\u0435\u0439 \u043a\u0430\u043a Accor, AM Resorts, Barcel\u00f3, BeLive, Blau Hotels, Crowne Plaza, Embassy Suites, Bah\u00eda Pr\u00edncipe, Hard Rock Hotels, Hilton, Holiday Inn, Hotetur, Iberostar, Hyatt Hotels, Ritz-Carlton, IFA Hotels, JW Marriott, Majestic Resorts, NH, Occidental, Palladium, Princess, Quality, Renaissance, Riu, Sheraton, Solaya Hotels, Meli\u00e1, Vista Sol, Westin \u0438 Viva Wyndham.<\/p>\n\n\n\n<p class=\"has-text-align-center\"><strong>\u041f\u043e\u0434\u043e\u0431\u0440\u0430\u0442\u044c \u043e\u0442\u0435\u043b<\/strong>\u044c<\/p>\n\n\n\n<script charset=\"utf-8\" src=\"\/\/www.travelpayouts.com\/widgets\/6c7d97866b467db84beed169b1e22269.js?v=2044\" async=\"\"><\/script>\n\n\n\n<div id=\"ccchildpages-1\" class=\"ccchildpages threecol simple ccclearfix\"><div class=\"ccchildpage  ccfirst ccodd ccpage-count-1 ccpage-id-2554 ccpage-santo-domingo ccpage-has-parent ccpage-pid-2229 ccpage-parent-accommodations\"><h3 class=\"ccpage_linked_title\"><a class=\"ccpage_title_link\" href=\"https:\/\/dominicanatourism.info\/?page_id=2554&lang=en\" title=\"Santo-Domingo\">Santo-Domingo<\/a><\/h3><img loading=\"lazy\" decoding=\"async\" width=\"300\" height=\"206\" src=\"https:\/\/dominicanatourism.info\/wp-content\/uploads\/2020\/07\/Santo-Domingo-320x220-1.jpg\" class=\"cc-child-pages-thumb wp-post-image\" alt=\"Santo-Domingo\" title=\"Santo-Domingo\" \/><div class=\"ccpages_excerpt\">\u041d\u0430 \u043f\u0440\u043e\u0442\u044f\u0436\u0435\u043d\u0438\u0438 \u0432\u043e\u0442 \u0443\u0436\u0435 \u043f\u044f\u0442\u0438 \u0441\u0442\u043e\u043b\u0435\u0442\u0438\u0439 \u0433\u043e\u0440\u043e\u0434 \u0421\u0430\u043d\u0442\u043e-\u0414\u043e\u043c\u0438\u043d\u0433\u043e \u044f\u0432\u043b\u044f\u0435\u0442\u0441\u044f \u0441\u0442\u043e\u043b\u0438\u0446\u0435\u0439 \u0414\u043e\u043c\u0438\u043d\u0438\u043a\u0430\u043d\u0441\u043a\u043e\u0439 \u0420\u0435\u0441\u043f\u0443\u0431\u043b\u0438\u043a\u0438, \u0441\u0435\u0440\u0434\u0446\u0435\u043c \u0438 \u0446\u0435\u043d\u0442\u0440\u043e\u043c \u0436\u0438\u0437\u043d\u0438 \u0441\u0442\u0440\u0430\u043d\u044b.<\/div><p class=\"ccpages_more\"><a href=\"https:\/\/dominicanatourism.info\/?page_id=2554&lang=en\"  title=\"\u041f\u043e\u0434\u0440\u043e\u0431\u043d\u0435\u0435\u2026\">\u041f\u043e\u0434\u0440\u043e\u0431\u043d\u0435\u0435\u2026<\/a><\/p><\/div><div class=\"ccchildpage  cceven ccpage-count-2 ccpage-id-2726 ccpage-punta-kana ccpage-has-parent ccpage-pid-2229 ccpage-parent-accommodations\"><h3 class=\"ccpage_linked_title\"><a class=\"ccpage_title_link\" href=\"https:\/\/dominicanatourism.info\/?page_id=2726&lang=en\" title=\"Punta-Kana\">Punta-Kana<\/a><\/h3><img loading=\"lazy\" decoding=\"async\" width=\"300\" height=\"206\" src=\"https:\/\/dominicanatourism.info\/wp-content\/uploads\/2020\/07\/Punta-Cana-320x220-1.jpg\" class=\"cc-child-pages-thumb wp-post-image\" alt=\"Punta-Kana\" title=\"Punta-Kana\" \/><div class=\"ccpages_excerpt\">50 \u043a\u0438\u043b\u043e\u043c\u0435\u0442\u0440\u043e\u0432 \u043b\u0443\u0447\u0448\u0438\u0445 \u0432 \u043c\u0438\u0440\u0435 \u043f\u043b\u044f\u0436\u0435\u0439, \u043e\u043c\u044b\u0432\u0430\u0435\u043c\u044b\u0445 \u0431\u0438\u0440\u044e\u0437\u043e\u0432\u044b\u043c\u0438 \u0432\u043e\u0434\u0430\u043c\u0438 \u0438 \u0443\u0441\u0435\u044f\u043d\u043d\u044b\u043c\u0438 \u043a\u0430\u0447\u0430\u044e\u0449\u0438\u043c\u0438\u0441\u044f \u043d\u0430 \u0432\u0435\u0442\u0440\u0443 \u043f\u0430\u043b\u044c\u043c\u0430\u043c\u0438 \u2013 \u044d\u0442\u043e \u0438 \u0435\u0441\u0442\u044c \u041f\u0443\u043d\u0442\u0430-\u041a\u0430\u043d\u0430, \u0438\u043b\u0438 \u00ab\u041a\u043e\u043a\u043e\u0441\u043e\u0432\u044b\u0439<\/div><p class=\"ccpages_more\"><a href=\"https:\/\/dominicanatourism.info\/?page_id=2726&lang=en\"  title=\"\u041f\u043e\u0434\u0440\u043e\u0431\u043d\u0435\u0435\u2026\">\u041f\u043e\u0434\u0440\u043e\u0431\u043d\u0435\u0435\u2026<\/a><\/p><\/div><div class=\"ccchildpage  cclast ccodd ccpage-count-3 ccpage-id-2728 ccpage-la-romana ccpage-has-parent ccpage-pid-2229 ccpage-parent-accommodations\"><h3 class=\"ccpage_linked_title\"><a class=\"ccpage_title_link\" href=\"https:\/\/dominicanatourism.info\/?page_id=2728&lang=en\" title=\"La-Romana\">La-Romana<\/a><\/h3><img loading=\"lazy\" decoding=\"async\" width=\"300\" height=\"206\" src=\"https:\/\/dominicanatourism.info\/wp-content\/uploads\/2020\/07\/La-Romana-320x220-1.jpg\" class=\"cc-child-pages-thumb wp-post-image\" alt=\"La-Romana\" title=\"La-Romana\" \/><div class=\"ccpages_excerpt\">\u041f\u043e \u043c\u043d\u0435\u043d\u0438\u044e \u042e\u041d\u0415\u0421\u041a\u041e \u0437\u0434\u0435\u0441\u044c \u0440\u0430\u0441\u043f\u043e\u043b\u043e\u0436\u0435\u043d\u044b \u043e\u0434\u043d\u0438 \u0438\u0437 \u0447\u0443\u0434\u0435\u0441\u043d\u0435\u0439\u0448\u0438\u0445 \u043f\u043b\u044f\u0436\u0435\u0439 \u043c\u0438\u0440\u0430 \u0438 \u0438\u043c\u0435\u043d\u043d\u043e \u043f\u043e\u044d\u0442\u043e\u043c\u0443 \u0441\u044e\u0434\u0430 \u043d\u0430\u0434\u043e \u0435\u0445\u0430\u0442\u044c \u0437\u0430 \u0442\u0443\u0440\u0438\u0437\u043c\u043e\u043c \u043a\u043b\u0430\u0441\u0441\u0430 \u00ab\u043b\u044e\u043a\u0441\u00bb.<\/div><p class=\"ccpages_more\"><a href=\"https:\/\/dominicanatourism.info\/?page_id=2728&lang=en\"  title=\"\u041f\u043e\u0434\u0440\u043e\u0431\u043d\u0435\u0435\u2026\">\u041f\u043e\u0434\u0440\u043e\u0431\u043d\u0435\u0435\u2026<\/a><\/p><\/div><div class=\"ccchildpage  ccfirst cceven ccpage-count-4 ccpage-id-2730 ccpage-samana ccpage-has-parent ccpage-pid-2229 ccpage-parent-accommodations\"><h3 class=\"ccpage_linked_title\"><a class=\"ccpage_title_link\" href=\"https:\/\/dominicanatourism.info\/?page_id=2730&lang=en\" title=\"Samana\">Samana<\/a><\/h3><img loading=\"lazy\" decoding=\"async\" width=\"300\" height=\"206\" src=\"https:\/\/dominicanatourism.info\/wp-content\/uploads\/2020\/07\/Samana-320x220-1.jpg\" class=\"cc-child-pages-thumb wp-post-image\" alt=\"Samana\" title=\"Samana\" \/><div class=\"ccpages_excerpt\">\u041d\u0430 \u0441\u0435\u0432\u0435\u0440\u043e-\u0432\u043e\u0441\u0442\u043e\u0447\u043d\u043e\u043c \u043f\u043e\u0431\u0435\u0440\u0435\u0436\u044c\u0435 \u043c\u043e\u0436\u043d\u043e \u043d\u0430\u0439\u0442\u0438 \u0441\u0430\u043c\u044b\u0435 \u0440\u0430\u0437\u043b\u0438\u0447\u043d\u044b\u0435 \u043e\u0442\u0435\u043b\u0438: \u043e\u0442 \u043e\u0433\u0440\u043e\u043c\u043d\u044b\u0445 \u043a\u0443\u0440\u043e\u0440\u0442\u043e\u0432 \u043f\u0440\u0435\u043c\u0438\u0443\u043c \u043a\u043b\u0430\u0441\u0441\u0430 \u0434\u043e \u043c\u0430\u043b\u0435\u043d\u044c\u043a\u0438\u0445 \u043e\u0442\u0435\u043b\u0435\u0439 \u0441 \u0432\u0435\u0441\u044c\u043c\u0430 \u0434\u0435\u043c\u043e\u043a\u0440\u0430\u0442\u0438\u0447\u043d\u044b\u043c\u0438 \u0446\u0435\u043d\u0430\u043c\u0438.<\/div><p class=\"ccpages_more\"><a href=\"https:\/\/dominicanatourism.info\/?page_id=2730&lang=en\"  title=\"\u041f\u043e\u0434\u0440\u043e\u0431\u043d\u0435\u0435\u2026\">\u041f\u043e\u0434\u0440\u043e\u0431\u043d\u0435\u0435\u2026<\/a><\/p><\/div><div class=\"ccchildpage  ccodd ccpage-count-5 ccpage-id-2732 ccpage-puerto-plata ccpage-has-parent ccpage-pid-2229 ccpage-parent-accommodations\"><h3 class=\"ccpage_linked_title\"><a class=\"ccpage_title_link\" href=\"https:\/\/dominicanatourism.info\/?page_id=2732&lang=en\" title=\"Puerto-Plata\">Puerto-Plata<\/a><\/h3><img loading=\"lazy\" decoding=\"async\" width=\"300\" height=\"206\" src=\"https:\/\/dominicanatourism.info\/wp-content\/uploads\/2020\/07\/Puerto-Plata-320x220-1.jpg\" class=\"cc-child-pages-thumb wp-post-image\" alt=\"Puerto-Plata\" title=\"Puerto-Plata\" \/><div class=\"ccpages_excerpt\">\u0427\u0438\u0441\u0442\u0435\u0439\u0448\u0438\u0435 \u043f\u043b\u044f\u0436\u0438 \u0410\u0442\u043b\u0430\u043d\u0442\u0438\u0447\u0435\u0441\u043a\u043e\u0433\u043e \u041e\u043a\u0435\u0430\u043d\u0430, \u043c\u0435\u0441\u0442\u0430 \u0431\u043e\u0433\u0430\u0442\u044b\u0435 \u0438\u0441\u0442\u043e\u0440\u0438\u0435\u0439 \u0438 \u0441\u043e\u043a\u0440\u043e\u0432\u0438\u0449\u0430\u043c\u0438 \u0441\u0435\u0432\u0435\u0440\u043d\u043e\u0433\u043e \u043f\u043e\u0431\u0435\u0440\u0435\u0436\u044c\u044f, \u043f\u0440\u0438\u0432\u043b\u0435\u043a\u0430\u044e\u0442 \u043b\u044e\u0431\u0438\u0442\u0435\u043b\u0435\u0439 \u0441\u043e\u043b\u043d\u0446\u0430, \u043f\u0435\u0441\u043a\u0430, \u0432\u043e\u043b\u043d \u0438 \u0430\u043a\u0442\u0438\u0432\u043d\u043e\u0433\u043e \u043e\u0442\u0434\u044b\u0445\u0430.<\/div><p class=\"ccpages_more\"><a href=\"https:\/\/dominicanatourism.info\/?page_id=2732&lang=en\"  title=\"\u041f\u043e\u0434\u0440\u043e\u0431\u043d\u0435\u0435\u2026\">\u041f\u043e\u0434\u0440\u043e\u0431\u043d\u0435\u0435\u2026<\/a><\/p><\/div><div class=\"ccchildpage  cclast cceven ccpage-count-6 ccpage-id-2734 ccpage-luxury-boutique ccpage-has-parent ccpage-pid-2229 ccpage-parent-accommodations\"><h3 class=\"ccpage_linked_title\"><a class=\"ccpage_title_link\" href=\"https:\/\/dominicanatourism.info\/?page_id=2734&lang=en\" title=\"Luxury &#038; Boutique\">Luxury &#038; Boutique<\/a><\/h3><img loading=\"lazy\" decoding=\"async\" width=\"300\" height=\"206\" src=\"https:\/\/dominicanatourism.info\/wp-content\/uploads\/2020\/07\/Luxury-320x220-1.jpg\" class=\"cc-child-pages-thumb wp-post-image\" alt=\"Luxury &#038; Boutique\" title=\"Luxury &#038; Boutique\" \/><div class=\"ccpages_excerpt\">\u0421\u0440\u0435\u0434\u0438 \u043c\u043d\u043e\u0436\u0435\u0441\u0442\u0432\u0430 \u043e\u0442\u0435\u043b\u0435\u0439 \u0432 \u0414\u043e\u043c\u0438\u043d\u0438\u043a\u0430\u043d\u0435 \u0435\u0441\u0442\u044c \u0442\u0435, \u043a\u043e\u0442\u043e\u0440\u044b\u0435 \u043f\u0440\u0438\u043d\u044f\u0442\u043e \u043d\u0430\u0437\u044b\u0432\u0430\u0442\u044c \u044d\u043a\u0441\u043a\u043b\u044e\u0437\u0438\u0432\u043d\u044b\u043c\u0438. \u041e\u043d\u0438 \u043e\u0442\u0432\u0435\u0447\u0430\u044e\u0442 \u0437\u0430\u043f\u0440\u043e\u0441\u0430\u043c \u0441\u0430\u043c\u044b\u0445 \u0432\u0437\u044b\u0441\u043a\u0430\u0442\u0435\u043b\u044c\u043d\u044b\u0445 \u0433\u043e\u0441\u0442\u0435\u0439.<\/div><p class=\"ccpages_more\"><a href=\"https:\/\/dominicanatourism.info\/?page_id=2734&lang=en\"  title=\"\u041f\u043e\u0434\u0440\u043e\u0431\u043d\u0435\u0435\u2026\">\u041f\u043e\u0434\u0440\u043e\u0431\u043d\u0435\u0435\u2026<\/a><\/p><\/div><div id=\"ccpages_nav-1\" class=\"ccpages_nav\"><\/div><\/div>\n","protected":false},"excerpt":{"rendered":"<p>\u041a\u0443\u0440\u043e\u0440\u0442\u043d\u044b\u0435 \u043a\u043e\u043c\u043f\u043b\u0435\u043a\u0441\u044b, \u043e\u0442\u0435\u043b\u0438, \u0430\u043f\u0430\u0440\u0442\u0430\u043c\u0435\u043d\u0442\u044b \u0414\u043e\u043c\u0438\u043d\u0438\u043a\u0430\u043d\u0441\u043a\u0430\u044f \u0420\u0435\u0441\u043f\u0443\u0431\u043b\u0438\u043a\u0430 \u044f\u0432\u043b\u044f\u0435\u0442\u0441\u044f \u0438\u0437\u043b\u044e\u0431\u043b\u0435\u043d\u043d\u044b\u043c \u043c\u0435\u0441\u0442\u043e\u043c \u043e\u0442\u0434\u044b\u0445\u0430 \u043d\u0430 \u043f\u0440\u043e\u0442\u044f\u0436\u0435\u043d\u0438\u0438 \u0443\u0436\u0435 \u043c\u043d\u043e\u0433\u0438\u0445 \u043b\u0435\u0442. \u0421\u044e\u0434\u0430 \u043f\u0440\u0438\u0435\u0437\u0436\u0430\u044e\u0442 \u043e\u0442\u0434\u044b\u0445\u0430\u0442\u044c \u0437\u043d\u0430\u043c\u0435\u043d\u0438\u0442\u043e\u0441\u0442\u0438, \u0441\u043f\u043e\u0440\u0442\u0441\u043c\u0435\u043d\u044b<\/p>\n","protected":false},"author":1,"featured_media":0,"parent":0,"menu_order":19,"comment_status":"closed","ping_status":"closed","template":"","meta":{"ngg_post_thumbnail":0,"footnotes":""},"aioseo_notices":[],"_links":{"self":[{"href":"https:\/\/dominicanatourism.info\/index.php?rest_route=\/wp\/v2\/pages\/2229"}],"collection":[{"href":"https:\/\/dominicanatourism.info\/index.php?rest_route=\/wp\/v2\/pages"}],"about":[{"href":"https:\/\/dominicanatourism.info\/index.php?rest_route=\/wp\/v2\/types\/page"}],"author":[{"embeddable":true,"href":"https:\/\/dominicanatourism.info\/index.php?rest_route=\/wp\/v2\/users\/1"}],"replies":[{"embeddable":true,"href":"https:\/\/dominicanatourism.info\/index.php?rest_route=%2Fwp%2Fv2%2Fcomments&post=2229"}],"version-history":[{"count":2,"href":"https:\/\/dominicanatourism.info\/index.php?rest_route=\/wp\/v2\/pages\/2229\/revisions"}],"predecessor-version":[{"id":2231,"href":"https:\/\/dominicanatourism.info\/index.php?rest_route=\/wp\/v2\/pages\/2229\/revisions\/2231"}],"wp:attachment":[{"href":"https:\/\/dominicanatourism.info\/index.php?rest_route=%2Fwp%2Fv2%2Fmedia&parent=2229"}],"curies":[{"name":"wp","href":"https:\/\/api.w.org\/{rel}","templated":true}]}}